{"id":18005,"date":"2026-03-24T08:47:12","date_gmt":"2026-03-24T07:47:12","guid":{"rendered":"https:\/\/yukatel.de\/?page_id=18005"},"modified":"2026-03-30T10:09:59","modified_gmt":"2026-03-30T08:09:59","slug":"yukatel-b2b-app","status":"publish","type":"page","link":"https:\/\/yukatel.de\/hu\/yukatel-b2b-app\/","title":{"rendered":"Yukatel B2B App"},"content":{"rendered":"<div data-elementor-type=\"wp-page\" data-elementor-id=\"18005\" class=\"elementor elementor-18005\" data-elementor-post-type=\"page\">\n\t\t\t\t<div class=\"elementor-element elementor-element-3a21f8d e-flex e-con-boxed e-con e-parent\" data-id=\"3a21f8d\" data-element_type=\"container\" data-e-type=\"container\" data-settings=\"{&quot;background_background&quot;:&quot;classic&quot;}\">\n\t\t\t\t\t<div class=\"e-con-inner\">\n\t\t\t\t<div class=\"elementor-element elementor-element-e05aa66 elementor-widget elementor-widget-heading\" data-id=\"e05aa66\" data-element_type=\"widget\" data-e-type=\"widget\" data-widget_type=\"heading.default\">\n\t\t\t\t\t<h2 class=\"elementor-heading-title elementor-size-default\"><span class=\"headline-highlight\">Jetzt als App.<\/span> Yukatel B2B.<\/h2>\t\t\t\t<\/div>\n\t\t\t\t<div class=\"elementor-element elementor-element-854457c elementor-widget elementor-widget-heading\" data-id=\"854457c\" data-element_type=\"widget\" data-e-type=\"widget\" data-widget_type=\"heading.default\">\n\t\t\t\t\t<h2 class=\"elementor-heading-title elementor-size-default\">Der neue Standard f\u00fcr den mobilen B2B-Einkauf<\/h2>\t\t\t\t<\/div>\n\t\t\t\t<div class=\"elementor-element elementor-element-1ad20b0 elementor-hidden-mobile elementor-widget elementor-widget-text-editor\" data-id=\"1ad20b0\" data-element_type=\"widget\" data-e-type=\"widget\" data-widget_type=\"text-editor.default\">\n\t\t\t\t\t\t\t\t\t<p>Die Yukatel B2B App bietet Ihnen direkten mobilen Zugriff auf Bestellungen, Trade-In-Anfragen, RMAs und die neuesten Angebote \u2013 alles an einem Ort.<\/p>\t\t\t\t\t\t\t\t<\/div>\n\t\t<div class=\"elementor-element elementor-element-3548f9f e-grid e-con-full e-con e-child\" data-id=\"3548f9f\" data-element_type=\"container\" data-e-type=\"container\">\n\t\t\t\t<div class=\"elementor-element elementor-element-79b4ff5 elementor-widget elementor-widget-image\" data-id=\"79b4ff5\" data-element_type=\"widget\" data-e-type=\"widget\" data-widget_type=\"image.default\">\n\t\t\t\t\t\t\t\t\t\t\t\t\t\t\t\t<a href=\"https:\/\/apps.apple.com\/ie\/app\/yukatel-b2b\/id6760648613\">\n\t\t\t\t\t\t\t<img decoding=\"async\" width=\"1\" height=\"1\" src=\"https:\/\/yukatel.de\/wp-content\/uploads\/2026\/03\/Download_on_the_App_Store_Badge_US-UK_RGB_blk_092917.svg\" class=\"attachment-large size-large wp-image-18012\" alt=\"\" \/>\t\t\t\t\t\t\t\t<\/a>\n\t\t\t\t\t\t\t\t\t\t\t\t\t\t\t<\/div>\n\t\t\t\t<div class=\"elementor-element elementor-element-311be7e elementor-widget elementor-widget-image\" data-id=\"311be7e\" data-element_type=\"widget\" data-e-type=\"widget\" data-widget_type=\"image.default\">\n\t\t\t\t\t\t\t\t\t\t\t\t\t\t\t\t<a href=\"https:\/\/play.google.com\/store\/apps\/details?id=com.yukatech.b2b\">\n\t\t\t\t\t\t\t<img decoding=\"async\" width=\"1\" height=\"1\" src=\"https:\/\/yukatel.de\/wp-content\/uploads\/2026\/03\/GetItOnGooglePlay_Badge_Web_color_English.svg\" class=\"attachment-large size-large wp-image-18011\" alt=\"\" \/>\t\t\t\t\t\t\t\t<\/a>\n\t\t\t\t\t\t\t\t\t\t\t\t\t\t\t<\/div>\n\t\t\t\t<\/div>\n\t\t\t\t<div class=\"elementor-element elementor-element-ffeabbb elementor-widget elementor-widget-image\" data-id=\"ffeabbb\" data-element_type=\"widget\" data-e-type=\"widget\" data-widget_type=\"image.default\">\n\t\t\t\t\t\t\t\t\t\t\t\t\t\t\t<img fetchpriority=\"high\" decoding=\"async\" width=\"800\" height=\"415\" src=\"https:\/\/yukatel.de\/wp-content\/uploads\/2026\/03\/yukatel_b2b_app_screenshots_home-1-1024x531.png\" class=\"attachment-large size-large wp-image-18029\" alt=\"\" srcset=\"https:\/\/yukatel.de\/wp-content\/uploads\/2026\/03\/yukatel_b2b_app_screenshots_home-1-1024x531.png 1024w, https:\/\/yukatel.de\/wp-content\/uploads\/2026\/03\/yukatel_b2b_app_screenshots_home-1-300x155.png 300w, https:\/\/yukatel.de\/wp-content\/uploads\/2026\/03\/yukatel_b2b_app_screenshots_home-1-768x398.png 768w, https:\/\/yukatel.de\/wp-content\/uploads\/2026\/03\/yukatel_b2b_app_screenshots_home-1-18x9.png 18w, https:\/\/yukatel.de\/wp-content\/uploads\/2026\/03\/yukatel_b2b_app_screenshots_home-1.png 1258w\" sizes=\"(max-width: 800px) 100vw, 800px\" \/>\t\t\t\t\t\t\t\t\t\t\t\t\t\t\t<\/div>\n\t\t\t\t\t<\/div>\n\t\t\t\t<\/div>\n\t\t<div class=\"elementor-element elementor-element-f7124a2 e-flex e-con-boxed e-con e-parent\" data-id=\"f7124a2\" data-element_type=\"container\" data-e-type=\"container\">\n\t\t\t\t\t<div class=\"e-con-inner\">\n\t\t\t\t<div class=\"elementor-element elementor-element-8de52fb elementor-widget elementor-widget-heading\" data-id=\"8de52fb\" data-element_type=\"widget\" data-e-type=\"widget\" data-widget_type=\"heading.default\">\n\t\t\t\t\t<h2 class=\"elementor-heading-title elementor-size-default\">APP FEATURES<\/h2>\t\t\t\t<\/div>\n\t\t\t\t<div class=\"elementor-element elementor-element-3c14080 elementor-widget elementor-widget-heading\" data-id=\"3c14080\" data-element_type=\"widget\" data-e-type=\"widget\" data-widget_type=\"heading.default\">\n\t\t\t\t\t<h2 class=\"elementor-heading-title elementor-size-default\">ALLES, WAS SIE BRAUCHEN, DIREKT IN DER APP<\/h2>\t\t\t\t<\/div>\n\t\t<div class=\"elementor-element elementor-element-657d15f e-grid e-con-full e-con e-child\" data-id=\"657d15f\" data-element_type=\"container\" data-e-type=\"container\">\n\t\t<div class=\"elementor-element elementor-element-3e2000a e-con-full e-flex e-con e-child\" data-id=\"3e2000a\" data-element_type=\"container\" data-e-type=\"container\" id=\"hover-b2b-app\" data-settings=\"{&quot;background_background&quot;:&quot;classic&quot;}\">\n\t\t\t\t<div class=\"elementor-element elementor-element-c290e88 icon-style-app elementor-view-default elementor-widget elementor-widget-icon\" data-id=\"c290e88\" data-element_type=\"widget\" data-e-type=\"widget\" data-widget_type=\"icon.default\">\n\t\t\t\t\t\t\t<div class=\"elementor-icon-wrapper\">\n\t\t\t<div class=\"elementor-icon\">\n\t\t\t<svg aria-hidden=\"true\" class=\"e-font-icon-svg e-fas-shopping-cart\" viewbox=\"0 0 576 512\" xmlns=\"http:\/\/www.w3.org\/2000\/svg\"><path d=\"M528.12 301.319l47.273-208C578.806 78.301 567.391 64 551.99 64H159.208l-9.166-44.81C147.758 8.021 137.93 0 126.529 0H24C10.745 0 0 10.745 0 24v16c0 13.255 10.745 24 24 24h69.883l70.248 343.435C147.325 417.1 136 435.222 136 456c0 30.928 25.072 56 56 56s56-25.072 56-56c0-15.674-6.447-29.835-16.824-40h209.647C430.447 426.165 424 440.326 424 456c0 30.928 25.072 56 56 56s56-25.072 56-56c0-22.172-12.888-41.332-31.579-50.405l5.517-24.276c3.413-15.018-8.002-29.319-23.403-29.319H218.117l-6.545-32h293.145c11.206 0 20.92-7.754 23.403-18.681z\"><\/path><\/svg>\t\t\t<\/div>\n\t\t<\/div>\n\t\t\t\t\t\t<\/div>\n\t\t\t\t<div class=\"elementor-element elementor-element-83ae8e0 elementor-widget elementor-widget-heading\" data-id=\"83ae8e0\" data-element_type=\"widget\" data-e-type=\"widget\" data-widget_type=\"heading.default\">\n\t\t\t\t\t<h2 class=\"elementor-heading-title elementor-size-default\">Mobile Bestellung<\/h2>\t\t\t\t<\/div>\n\t\t\t\t<div class=\"elementor-element elementor-element-19ee6d5 elementor-widget elementor-widget-text-editor\" data-id=\"19ee6d5\" data-element_type=\"widget\" data-e-type=\"widget\" data-widget_type=\"text-editor.default\">\n\t\t\t\t\t\t\t\t\t<p>Bestellen Sie Produkte schnell und einfach, \u00fcberall dort, wo Ihr Gesch\u00e4ft stattfindet.<\/p>\t\t\t\t\t\t\t\t<\/div>\n\t\t\t\t<\/div>\n\t\t<div class=\"elementor-element elementor-element-64123d5 e-con-full e-flex e-con e-child\" data-id=\"64123d5\" data-element_type=\"container\" data-e-type=\"container\" id=\"hover-b2b-app\" data-settings=\"{&quot;background_background&quot;:&quot;classic&quot;}\">\n\t\t\t\t<div class=\"elementor-element elementor-element-0944c14 icon-style-app elementor-view-default elementor-widget elementor-widget-icon\" data-id=\"0944c14\" data-element_type=\"widget\" data-e-type=\"widget\" data-widget_type=\"icon.default\">\n\t\t\t\t\t\t\t<div class=\"elementor-icon-wrapper\">\n\t\t\t<div class=\"elementor-icon\">\n\t\t\t<svg aria-hidden=\"true\" class=\"e-font-icon-svg e-fas-bolt\" viewbox=\"0 0 320 512\" xmlns=\"http:\/\/www.w3.org\/2000\/svg\"><path d=\"M296 160H180.6l42.6-129.8C227.2 15 215.7 0 200 0H56C44 0 33.8 8.9 32.2 20.8l-32 240C-1.7 275.2 9.5 288 24 288h118.7L96.6 482.5c-3.6 15.2 8 29.5 23.3 29.5 8.4 0 16.4-4.4 20.8-12l176-304c9.3-15.9-2.2-36-20.7-36z\"><\/path><\/svg>\t\t\t<\/div>\n\t\t<\/div>\n\t\t\t\t\t\t<\/div>\n\t\t\t\t<div class=\"elementor-element elementor-element-da2c499 elementor-widget elementor-widget-heading\" data-id=\"da2c499\" data-element_type=\"widget\" data-e-type=\"widget\" data-widget_type=\"heading.default\">\n\t\t\t\t\t<h2 class=\"elementor-heading-title elementor-size-default\">Sofortiger Zugriff<\/h2>\t\t\t\t<\/div>\n\t\t\t\t<div class=\"elementor-element elementor-element-ba651b3 elementor-widget elementor-widget-text-editor\" data-id=\"ba651b3\" data-element_type=\"widget\" data-e-type=\"widget\" data-widget_type=\"text-editor.default\">\n\t\t\t\t\t\t\t\t\t<p>Greifen Sie jederzeit direkt von Ihrem Smartphone auf Ihr Yukatel B2B-Konto zu. Ob im B\u00fcro, unterwegs oder zwischen Terminen \u2013 Ihr Shop ist immer griffbereit.<\/p>\t\t\t\t\t\t\t\t<\/div>\n\t\t\t\t<\/div>\n\t\t<div class=\"elementor-element elementor-element-9da9011 e-con-full e-flex e-con e-child\" data-id=\"9da9011\" data-element_type=\"container\" data-e-type=\"container\" id=\"hover-b2b-app\" data-settings=\"{&quot;background_background&quot;:&quot;classic&quot;}\">\n\t\t\t\t<div class=\"elementor-element elementor-element-1e6a043 icon-style-app elementor-view-default elementor-widget elementor-widget-icon\" data-id=\"1e6a043\" data-element_type=\"widget\" data-e-type=\"widget\" data-widget_type=\"icon.default\">\n\t\t\t\t\t\t\t<div class=\"elementor-icon-wrapper\">\n\t\t\t<div class=\"elementor-icon\">\n\t\t\t<i aria-hidden=\"true\" class=\"far fa-clipboard-list\"><\/i>\t\t\t<\/div>\n\t\t<\/div>\n\t\t\t\t\t\t<\/div>\n\t\t\t\t<div class=\"elementor-element elementor-element-066ae6f elementor-widget elementor-widget-heading\" data-id=\"066ae6f\" data-element_type=\"widget\" data-e-type=\"widget\" data-widget_type=\"heading.default\">\n\t\t\t\t\t<h2 class=\"elementor-heading-title elementor-size-default\">Bestell\u00fcbersicht<\/h2>\t\t\t\t<\/div>\n\t\t\t\t<div class=\"elementor-element elementor-element-e8b139f elementor-widget elementor-widget-text-editor\" data-id=\"e8b139f\" data-element_type=\"widget\" data-e-type=\"widget\" data-widget_type=\"text-editor.default\">\n\t\t\t\t\t\t\t\t\t<p>Behalten Sie Bestellungen, Statusmeldungen und wichtige Updates an einem zentralen Ort im Blick.<\/p>\t\t\t\t\t\t\t\t<\/div>\n\t\t\t\t<\/div>\n\t\t<div class=\"elementor-element elementor-element-98a24e1 e-con-full e-flex e-con e-child\" data-id=\"98a24e1\" data-element_type=\"container\" data-e-type=\"container\" id=\"hover-b2b-app\" data-settings=\"{&quot;background_background&quot;:&quot;classic&quot;}\">\n\t\t\t\t<div class=\"elementor-element elementor-element-488ed44 icon-style-app elementor-view-default elementor-widget elementor-widget-icon\" data-id=\"488ed44\" data-element_type=\"widget\" data-e-type=\"widget\" data-widget_type=\"icon.default\">\n\t\t\t\t\t\t\t<div class=\"elementor-icon-wrapper\">\n\t\t\t<div class=\"elementor-icon\">\n\t\t\t<i aria-hidden=\"true\" class=\"fas fa-repeat-alt\"><\/i>\t\t\t<\/div>\n\t\t<\/div>\n\t\t\t\t\t\t<\/div>\n\t\t\t\t<div class=\"elementor-element elementor-element-f745ca9 elementor-widget elementor-widget-heading\" data-id=\"f745ca9\" data-element_type=\"widget\" data-e-type=\"widget\" data-widget_type=\"heading.default\">\n\t\t\t\t\t<h2 class=\"elementor-heading-title elementor-size-default\">Trade-In-Anfragen<\/h2>\t\t\t\t<\/div>\n\t\t\t\t<div class=\"elementor-element elementor-element-bdb0a3e elementor-widget elementor-widget-text-editor\" data-id=\"bdb0a3e\" data-element_type=\"widget\" data-e-type=\"widget\" data-widget_type=\"text-editor.default\">\n\t\t\t\t\t\t\t\t\t<p>Senden Sie Trade-In-Anfragen direkt \u00fcber die App, mit einem reibungslosen und effizienten mobilen Workflow. So lassen sich Anfragen einfacher verwalten und Prozesse jederzeit im Blick behalten, egal wo Sie gerade sind.<\/p>\t\t\t\t\t\t\t\t<\/div>\n\t\t\t\t<\/div>\n\t\t<div class=\"elementor-element elementor-element-261d466 e-con-full e-flex e-con e-child\" data-id=\"261d466\" data-element_type=\"container\" data-e-type=\"container\" id=\"hover-b2b-app\" data-settings=\"{&quot;background_background&quot;:&quot;classic&quot;}\">\n\t\t\t\t<div class=\"elementor-element elementor-element-fb7bbe3 icon-style-app elementor-view-default elementor-widget elementor-widget-icon\" data-id=\"fb7bbe3\" data-element_type=\"widget\" data-e-type=\"widget\" data-widget_type=\"icon.default\">\n\t\t\t\t\t\t\t<div class=\"elementor-icon-wrapper\">\n\t\t\t<div class=\"elementor-icon\">\n\t\t\t<svg aria-hidden=\"true\" class=\"e-font-icon-svg e-fas-box-open\" viewbox=\"0 0 640 512\" xmlns=\"http:\/\/www.w3.org\/2000\/svg\"><path d=\"M425.7 256c-16.9 0-32.8-9-41.4-23.4L320 126l-64.2 106.6c-8.7 14.5-24.6 23.5-41.5 23.5-4.5 0-9-.6-13.3-1.9L64 215v178c0 14.7 10 27.5 24.2 31l216.2 54.1c10.2 2.5 20.9 2.5 31 0L551.8 424c14.2-3.6 24.2-16.4 24.2-31V215l-137 39.1c-4.3 1.3-8.8 1.9-13.3 1.9zm212.6-112.2L586.8 41c-3.1-6.2-9.8-9.8-16.7-8.9L320 64l91.7 152.1c3.8 6.3 11.4 9.3 18.5 7.3l197.9-56.5c9.9-2.9 14.7-13.9 10.2-23.1zM53.2 41L1.7 143.8c-4.6 9.2.3 20.2 10.1 23l197.9 56.5c7.1 2 14.7-1 18.5-7.3L320 64 69.8 32.1c-6.9-.8-13.5 2.7-16.6 8.9z\"><\/path><\/svg>\t\t\t<\/div>\n\t\t<\/div>\n\t\t\t\t\t\t<\/div>\n\t\t\t\t<div class=\"elementor-element elementor-element-6a75c2c elementor-widget elementor-widget-heading\" data-id=\"6a75c2c\" data-element_type=\"widget\" data-e-type=\"widget\" data-widget_type=\"heading.default\">\n\t\t\t\t\t<h2 class=\"elementor-heading-title elementor-size-default\">RMA-Abwicklung<\/h2>\t\t\t\t<\/div>\n\t\t\t\t<div class=\"elementor-element elementor-element-ac44877 elementor-widget elementor-widget-text-editor\" data-id=\"ac44877\" data-element_type=\"widget\" data-e-type=\"widget\" data-widget_type=\"text-editor.default\">\n\t\t\t\t\t\t\t\t\t<p>Verwalten Sie RMA-Anfragen mit einem einfachen und strukturierten mobilen Prozess.<\/p>\t\t\t\t\t\t\t\t<\/div>\n\t\t\t\t<\/div>\n\t\t<div class=\"elementor-element elementor-element-51c0dfc e-con-full e-flex e-con e-child\" data-id=\"51c0dfc\" data-element_type=\"container\" data-e-type=\"container\" id=\"hover-b2b-app\" data-settings=\"{&quot;background_background&quot;:&quot;classic&quot;}\">\n\t\t\t\t<div class=\"elementor-element elementor-element-4421283 icon-style-app elementor-view-default elementor-widget elementor-widget-icon\" data-id=\"4421283\" data-element_type=\"widget\" data-e-type=\"widget\" data-widget_type=\"icon.default\">\n\t\t\t\t\t\t\t<div class=\"elementor-icon-wrapper\">\n\t\t\t<div class=\"elementor-icon\">\n\t\t\t<svg aria-hidden=\"true\" class=\"e-font-icon-svg e-fas-tags\" viewbox=\"0 0 640 512\" xmlns=\"http:\/\/www.w3.org\/2000\/svg\"><path d=\"M497.941 225.941L286.059 14.059A48 48 0 0 0 252.118 0H48C21.49 0 0 21.49 0 48v204.118a48 48 0 0 0 14.059 33.941l211.882 211.882c18.744 18.745 49.136 18.746 67.882 0l204.118-204.118c18.745-18.745 18.745-49.137 0-67.882zM112 160c-26.51 0-48-21.49-48-48s21.49-48 48-48 48 21.49 48 48-21.49 48-48 48zm513.941 133.823L421.823 497.941c-18.745 18.745-49.137 18.745-67.882 0l-.36-.36L527.64 323.522c16.999-16.999 26.36-39.6 26.36-63.64s-9.362-46.641-26.36-63.64L331.397 0h48.721a48 48 0 0 1 33.941 14.059l211.882 211.882c18.745 18.745 18.745 49.137 0 67.882z\"><\/path><\/svg>\t\t\t<\/div>\n\t\t<\/div>\n\t\t\t\t\t\t<\/div>\n\t\t\t\t<div class=\"elementor-element elementor-element-6b25a0e elementor-widget elementor-widget-heading\" data-id=\"6b25a0e\" data-element_type=\"widget\" data-e-type=\"widget\" data-widget_type=\"heading.default\">\n\t\t\t\t\t<h2 class=\"elementor-heading-title elementor-size-default\">Tagesangebote &amp; Aktionen<\/h2>\t\t\t\t<\/div>\n\t\t\t\t<div class=\"elementor-element elementor-element-6efb1f3 elementor-widget elementor-widget-text-editor\" data-id=\"6efb1f3\" data-element_type=\"widget\" data-e-type=\"widget\" data-widget_type=\"text-editor.default\">\n\t\t\t\t\t\t\t\t\t<p>Entdecken Sie die neuesten Deals, Aktionen und Tagesangebote direkt in der App. Bleiben Sie \u00fcber aktuelle Angebote informiert und verpassen Sie keine relevanten Chancen f\u00fcr Ihr Business.<\/p>\t\t\t\t\t\t\t\t<\/div>\n\t\t\t\t<\/div>\n\t\t\t\t<\/div>\n\t\t\t\t\t<\/div>\n\t\t\t\t<\/div>\n\t\t<div class=\"elementor-element elementor-element-8933166 e-flex e-con-boxed e-con e-parent\" data-id=\"8933166\" data-element_type=\"container\" data-e-type=\"container\">\n\t\t\t\t\t<div class=\"e-con-inner\">\n\t\t\t\t<div class=\"elementor-element elementor-element-6dc7df2 elementor-widget elementor-widget-heading\" data-id=\"6dc7df2\" data-element_type=\"widget\" data-e-type=\"widget\" data-widget_type=\"heading.default\">\n\t\t\t\t\t<h2 class=\"elementor-heading-title elementor-size-default\">SO STARTEN SIE<\/h2>\t\t\t\t<\/div>\n\t\t\t\t<div class=\"elementor-element elementor-element-963040e elementor-widget elementor-widget-heading\" data-id=\"963040e\" data-element_type=\"widget\" data-e-type=\"widget\" data-widget_type=\"heading.default\">\n\t\t\t\t\t<h2 class=\"elementor-heading-title elementor-size-default\">IN 3 EINFACHEN SCHRITTEN ZUR APP<\/h2>\t\t\t\t<\/div>\n\t\t<div class=\"elementor-element elementor-element-118397d e-grid e-con-full how-to e-con e-child\" data-id=\"118397d\" data-element_type=\"container\" data-e-type=\"container\">\n\t\t<div class=\"elementor-element elementor-element-c8acb12 e-con-full container-colored e-flex e-con e-child\" data-id=\"c8acb12\" data-element_type=\"container\" data-e-type=\"container\" data-settings=\"{&quot;background_background&quot;:&quot;classic&quot;}\">\n\t\t\t\t<div class=\"elementor-element elementor-element-19bde93 image-hover-up elementor-widget elementor-widget-image\" data-id=\"19bde93\" data-element_type=\"widget\" data-e-type=\"widget\" data-widget_type=\"image.default\">\n\t\t\t\t\t\t\t\t\t\t\t\t\t\t\t<img loading=\"lazy\" decoding=\"async\" width=\"318\" height=\"693\" src=\"https:\/\/yukatel.de\/wp-content\/uploads\/2025\/09\/bot-1.png\" class=\"attachment-large size-large wp-image-16078\" alt=\"Egy k\u00e9rd\u0151jeles feh\u00e9r robot k\u00e9rd\u0151n gesztikul\u00e1l.\" srcset=\"https:\/\/yukatel.de\/wp-content\/uploads\/2025\/09\/bot-1.png 318w, https:\/\/yukatel.de\/wp-content\/uploads\/2025\/09\/bot-1-138x300.png 138w\" sizes=\"(max-width: 318px) 100vw, 318px\" \/>\t\t\t\t\t\t\t\t\t\t\t\t\t\t\t<\/div>\n\t\t\t\t<div class=\"elementor-element elementor-element-0861d16 elementor-widget elementor-widget-heading\" data-id=\"0861d16\" data-element_type=\"widget\" data-e-type=\"widget\" data-widget_type=\"heading.default\">\n\t\t\t\t\t<h2 class=\"elementor-heading-title elementor-size-default\">1. l\u00e9p\u00e9s<\/h2>\t\t\t\t<\/div>\n\t\t\t\t<div class=\"elementor-element elementor-element-ac2c768 elementor-widget elementor-widget-text-editor\" data-id=\"ac2c768\" data-element_type=\"widget\" data-e-type=\"widget\" data-widget_type=\"text-editor.default\">\n\t\t\t\t\t\t\t\t\t<p>Senden Sie Ihre Anfrage \u00fcber das <a href=\"https:\/\/yukatel.de\/hu\/haendler-werden\/\">Kontaktformular<\/a><\/p>\t\t\t\t\t\t\t\t<\/div>\n\t\t\t\t<\/div>\n\t\t<div class=\"elementor-element elementor-element-9c3f71d e-con-full container-colored e-flex e-con e-child\" data-id=\"9c3f71d\" data-element_type=\"container\" data-e-type=\"container\" data-settings=\"{&quot;background_background&quot;:&quot;classic&quot;}\">\n\t\t\t\t<div class=\"elementor-element elementor-element-ff7d69e image-hover-up elementor-widget elementor-widget-image\" data-id=\"ff7d69e\" data-element_type=\"widget\" data-e-type=\"widget\" data-widget_type=\"image.default\">\n\t\t\t\t\t\t\t\t\t\t\t\t\t\t\t<img loading=\"lazy\" decoding=\"async\" width=\"278\" height=\"574\" src=\"https:\/\/yukatel.de\/wp-content\/uploads\/2025\/09\/bot-2.png\" class=\"attachment-large size-large wp-image-16079\" alt=\"Egy vid\u00e1m robot rajzol egy jegyzett\u00f6mbre, \u00e9s sz\u00ednes f\u00fclekkel \u00fcl.\" srcset=\"https:\/\/yukatel.de\/wp-content\/uploads\/2025\/09\/bot-2.png 278w, https:\/\/yukatel.de\/wp-content\/uploads\/2025\/09\/bot-2-145x300.png 145w\" sizes=\"(max-width: 278px) 100vw, 278px\" \/>\t\t\t\t\t\t\t\t\t\t\t\t\t\t\t<\/div>\n\t\t\t\t<div class=\"elementor-element elementor-element-1baf249 elementor-widget elementor-widget-heading\" data-id=\"1baf249\" data-element_type=\"widget\" data-e-type=\"widget\" data-widget_type=\"heading.default\">\n\t\t\t\t\t<h2 class=\"elementor-heading-title elementor-size-default\">2. l\u00e9p\u00e9s<\/h2>\t\t\t\t<\/div>\n\t\t\t\t<div class=\"elementor-element elementor-element-7400e8e elementor-widget elementor-widget-text-editor\" data-id=\"7400e8e\" data-element_type=\"widget\" data-e-type=\"widget\" data-widget_type=\"text-editor.default\">\n\t\t\t\t\t\t\t\t\t<p>Reichen Sie Ihre Unterlagen ein, sobald sie angefordert werden<\/p>\t\t\t\t\t\t\t\t<\/div>\n\t\t\t\t<\/div>\n\t\t<div class=\"elementor-element elementor-element-75cee9d e-con-full container-colored e-flex e-con e-child\" data-id=\"75cee9d\" data-element_type=\"container\" data-e-type=\"container\" data-settings=\"{&quot;background_background&quot;:&quot;classic&quot;}\">\n\t\t\t\t<div class=\"elementor-element elementor-element-281b5d6 image-hover-up elementor-widget elementor-widget-image\" data-id=\"281b5d6\" data-element_type=\"widget\" data-e-type=\"widget\" data-widget_type=\"image.default\">\n\t\t\t\t\t\t\t\t\t\t\t\t\t\t\t<img loading=\"lazy\" decoding=\"async\" width=\"437\" height=\"598\" src=\"https:\/\/yukatel.de\/wp-content\/uploads\/2025\/09\/bot-3.png\" class=\"attachment-large size-large wp-image-16080\" alt=\"```plaintextRobot bev\u00e1s\u00e1rl\u00f3kocsival, a mesters\u00e9ges intelligencia szimb\u00f3luma a kiskereskedelemben. A j\u00f6v\u0151 technol\u00f3gi\u00e1ja a v\u00e1s\u00e1rl\u00e1sban.````\" srcset=\"https:\/\/yukatel.de\/wp-content\/uploads\/2025\/09\/bot-3.png 437w, https:\/\/yukatel.de\/wp-content\/uploads\/2025\/09\/bot-3-219x300.png 219w\" sizes=\"(max-width: 437px) 100vw, 437px\" \/>\t\t\t\t\t\t\t\t\t\t\t\t\t\t\t<\/div>\n\t\t\t\t<div class=\"elementor-element elementor-element-2cf250e elementor-widget elementor-widget-heading\" data-id=\"2cf250e\" data-element_type=\"widget\" data-e-type=\"widget\" data-widget_type=\"heading.default\">\n\t\t\t\t\t<h2 class=\"elementor-heading-title elementor-size-default\">3. l\u00e9p\u00e9s<\/h2>\t\t\t\t<\/div>\n\t\t\t\t<div class=\"elementor-element elementor-element-b3206d7 elementor-widget elementor-widget-text-editor\" data-id=\"b3206d7\" data-element_type=\"widget\" data-e-type=\"widget\" data-widget_type=\"text-editor.default\">\n\t\t\t\t\t\t\t\t\t<p data-start=\"3197\" data-end=\"3372\">Erhalten Sie Ihre Zugangsdaten \u2013 melden Sie sich einfach im B2B-Shop an und legen Sie los<\/p>\t\t\t\t\t\t\t\t<\/div>\n\t\t\t\t<\/div>\n\t\t\t\t<\/div>\n\t\t\t\t\t<\/div>\n\t\t\t\t<\/div>\n\t\t<div class=\"elementor-element elementor-element-febc332 e-flex e-con-boxed e-con e-parent\" data-id=\"febc332\" data-element_type=\"container\" data-e-type=\"container\" data-settings=\"{&quot;background_background&quot;:&quot;classic&quot;}\">\n\t\t\t\t\t<div class=\"e-con-inner\">\n\t\t<div class=\"elementor-element elementor-element-7dc9fa5 e-con-full e-flex e-con e-child\" data-id=\"7dc9fa5\" data-element_type=\"container\" data-e-type=\"container\" data-settings=\"{&quot;background_background&quot;:&quot;classic&quot;}\">\n\t\t\t\t<div class=\"elementor-element elementor-element-474b90e elementor-widget elementor-widget-heading\" data-id=\"474b90e\" data-element_type=\"widget\" data-e-type=\"widget\" data-widget_type=\"heading.default\">\n\t\t\t\t\t<h2 class=\"elementor-heading-title elementor-size-default\">JETZT HERUNTER&shy;LADEN<\/h2>\t\t\t\t<\/div>\n\t\t<div class=\"elementor-element elementor-element-db16acd e-grid e-con-full e-con e-child\" data-id=\"db16acd\" data-element_type=\"container\" data-e-type=\"container\">\n\t\t\t\t<div class=\"elementor-element elementor-element-6a60019 elementor-widget elementor-widget-image\" data-id=\"6a60019\" data-element_type=\"widget\" data-e-type=\"widget\" data-widget_type=\"image.default\">\n\t\t\t\t\t\t\t\t\t\t\t\t\t\t\t\t<a href=\"https:\/\/apps.apple.com\/ie\/app\/yukatel-b2b\/id6760648613\">\n\t\t\t\t\t\t\t<img decoding=\"async\" width=\"1\" height=\"1\" src=\"https:\/\/yukatel.de\/wp-content\/uploads\/2026\/03\/Download_on_the_App_Store_Badge_US-UK_RGB_blk_092917.svg\" class=\"attachment-large size-large wp-image-18012\" alt=\"\" \/>\t\t\t\t\t\t\t\t<\/a>\n\t\t\t\t\t\t\t\t\t\t\t\t\t\t\t<\/div>\n\t\t\t\t<div class=\"elementor-element elementor-element-baf7a15 elementor-widget elementor-widget-image\" data-id=\"baf7a15\" data-element_type=\"widget\" data-e-type=\"widget\" data-widget_type=\"image.default\">\n\t\t\t\t\t\t\t\t\t\t\t\t\t\t\t\t<a href=\"https:\/\/play.google.com\/store\/apps\/details?id=com.yukatech.b2b\">\n\t\t\t\t\t\t\t<img decoding=\"async\" width=\"1\" height=\"1\" src=\"https:\/\/yukatel.de\/wp-content\/uploads\/2026\/03\/GetItOnGooglePlay_Badge_Web_color_English.svg\" class=\"attachment-large size-large wp-image-18011\" alt=\"\" \/>\t\t\t\t\t\t\t\t<\/a>\n\t\t\t\t\t\t\t\t\t\t\t\t\t\t\t<\/div>\n\t\t\t\t<\/div>\n\t\t\t\t<\/div>\n\t\t\t\t\t<\/div>\n\t\t\t\t<\/div>\n\t\t\t\t<\/div>","protected":false},"excerpt":{"rendered":"<p>Jetzt als App. Yukatel B2B. Der neue Standard f\u00fcr den mobilen B2B-Einkauf Die Yukatel B2B App bietet Ihnen direkten mobilen Zugriff auf Bestellungen, Trade-In-Anfragen, RMAs und die neuesten Angebote \u2013 alles an einem Ort. APP FEATURES ALLES, WAS SIE BRAUCHEN, DIREKT IN DER APP Mobile Bestellung Bestellen Sie Produkte schnell und einfach, \u00fcberall dort, wo [&hellip;]<\/p>\n","protected":false},"author":2,"featured_media":0,"parent":0,"menu_order":0,"comment_status":"closed","ping_status":"closed","template":"elementor_header_footer","meta":{"_monsterinsights_skip_tracking":false,"_monsterinsights_sitenote_active":false,"_monsterinsights_sitenote_note":"","_monsterinsights_sitenote_category":0,"footnotes":""},"class_list":["post-18005","page","type-page","status-publish","hentry"],"_links":{"self":[{"href":"https:\/\/yukatel.de\/hu\/wp-json\/wp\/v2\/pages\/18005","targetHints":{"allow":["GET"]}}],"collection":[{"href":"https:\/\/yukatel.de\/hu\/wp-json\/wp\/v2\/pages"}],"about":[{"href":"https:\/\/yukatel.de\/hu\/wp-json\/wp\/v2\/types\/page"}],"author":[{"embeddable":true,"href":"https:\/\/yukatel.de\/hu\/wp-json\/wp\/v2\/users\/2"}],"replies":[{"embeddable":true,"href":"https:\/\/yukatel.de\/hu\/wp-json\/wp\/v2\/comments?post=18005"}],"version-history":[{"count":158,"href":"https:\/\/yukatel.de\/hu\/wp-json\/wp\/v2\/pages\/18005\/revisions"}],"predecessor-version":[{"id":18188,"href":"https:\/\/yukatel.de\/hu\/wp-json\/wp\/v2\/pages\/18005\/revisions\/18188"}],"wp:attachment":[{"href":"https:\/\/yukatel.de\/hu\/wp-json\/wp\/v2\/media?parent=18005"}],"curies":[{"name":"wp","href":"https:\/\/api.w.org\/{rel}","templated":true}]}}