{"id":16928,"date":"2025-10-13T12:23:17","date_gmt":"2025-10-13T10:23:17","guid":{"rendered":"https:\/\/yknew.yukatel.de\/?page_id=16928"},"modified":"2025-10-13T12:27:19","modified_gmt":"2025-10-13T10:27:19","slug":"agb","status":"publish","type":"page","link":"https:\/\/yukatel.de\/sv\/agb\/","title":{"rendered":"Villkor"},"content":{"rendered":"<div data-elementor-type=\"wp-page\" data-elementor-id=\"16928\" class=\"elementor elementor-16928\" data-elementor-post-type=\"page\">\n\t\t\t\t<div class=\"elementor-element elementor-element-50beaea e-flex e-con-boxed e-con e-parent\" data-id=\"50beaea\" data-element_type=\"container\" data-e-type=\"container\">\n\t\t\t\t\t<div class=\"e-con-inner\">\n\t\t\t\t<div class=\"elementor-element elementor-element-cd1371c elementor-widget elementor-widget-heading\" data-id=\"cd1371c\" data-element_type=\"widget\" data-e-type=\"widget\" data-widget_type=\"heading.default\">\n\t\t\t\t\t<h2 class=\"elementor-heading-title elementor-size-default\">Allgemeine Gesch\u00e4fts&shy;bedingungen<\/h2>\t\t\t\t<\/div>\n\t\t\t\t<div class=\"elementor-element elementor-element-cd50677 elementor-widget elementor-widget-text-editor\" data-id=\"cd50677\" data-element_type=\"widget\" data-e-type=\"widget\" data-widget_type=\"text-editor.default\">\n\t\t\t\t\t\t\t\t\t<div class=\"sc-content\"><strong>1.<\/strong><\/div><div class=\"sc-content\"><strong>\u00a0<\/strong><\/div><div class=\"entry-content\"><div class=\"sc-content\"><p>Allen Lieferungen und Leistungen der Firma Yukatel GmbH liegen diese Gesch\u00e4ftsbedingungen zugrunde. Abweichende und\/oder erg\u00e4nzende Vereinbarungen bed\u00fcrfen der ausdr\u00fccklichen Zustimmung von der Yukatel GmbH, sowie der Schriftform; dies gilt auch f\u00fcr eine Abbedingung des Schriftformerfordernisses.<\/p><p><strong>2.<\/strong><\/p><p>Die Yukatel GmbH wird nach M\u00f6glichkeit vereinbarte oder angegebene Lieferzeiten p\u00fcnktlich einhalten. Werden diese um mehr als vier Wochen \u00fcberschritten, so hat der Kunde das Recht, durch schriftliche Erkl\u00e4rung vom Vertrag zur\u00fccktreten. Sollte der K\u00e4ufer im Fall des Verzuges oder der Unm\u00f6glichkeit Schadenersatz wegen Nichterf\u00fcllung verlangen, so beschr\u00e4nkt sich dieser bei leichter Fahrl\u00e4ssigkeit auf h\u00f6chstens 5% des Kaufpreises und umfasst lediglich den Ersatz unmittelbaren Schadens, also insbesondere nicht Ersatz des entgangenen Gewinns oder eines sonstigen mittelbaren Schadens. Weitergehende Anspr\u00fcche des K\u00e4ufers \u2013 insbesondere auf Lieferung \u2013 sind ausgeschlossen. Alle Angebote sind freibleibend und gelten solange der Vorrat reicht. Irrt\u00fcmer und Druckfehler vorbehalten.<\/p><p><strong>3.<\/strong><\/p><p>Die Gefahr geht auf den Kunden \u00fcber, sobald die Ware dem Transportunternehmer \u00fcbergeben worden ist und das Lager verlassen hat. Dies gilt auch dann, wenn die Yukatel GmbH die Transportkosten \u00fcbernommen hat. Beanstandungen wegen Transportsch\u00e4den hat der Kunde unmittelbar gegen\u00fcber dem Transportunternehmen innerhalb der daf\u00fcr vorgesehenen Fristen geltend zu machen. Bei Sendungen des Kunden an die Yukatel GmbH tr\u00e4gt der Kunde jedes Risiko, insbesondere das Transportrisiko, bis zum Eintreffen der Ware bei der Yukatel GmbH in 63303 Dreieich, Yuka-Platz 1.<\/p><p><strong>4.<\/strong><\/p><p>Rechnungen von der Yukatel GmbH sind sofort f\u00e4llig und ohne jeden Abzug zahlbar. Ab dem 30. Tag nach Rechnungsdatum ist die Yukatel GmbH berechtigt, Verzugszinsen in gesetzlicher H\u00f6he \u00fcber dem jeweiligen Basiszinssatz zu verlangen, es sei denn, dass die Yukatel GmbH h\u00f6here Verzugszinsen oder der K\u00e4ufer eine geringere Belastung der Yukatel GmbH nachweist, ohne dass es der vorherigen Mahnung bedarf. Schecks werden nur zahlungshalber angenommen. Etwaige Spesen gehen zu Lasten des Kunden. Eine Aufrechnung ist nur mit unbestrittenen oder gerichtlich rechtskr\u00e4ftig festgestellten Forderungen zul\u00e4ssig. Ein Zur\u00fcckbehaltungsrecht kann der Kunde nur dann geltend machen, soweit es auf demselben Vertragsverh\u00e4ltnis beruht.<\/p><p><strong>5.<\/strong><\/p><p>Beanstandungen wegen Lieferumfang, Sachm\u00e4ngeln, Falschlieferungen und Mengenabweichungen sind, soweit diese durch zumutbare Untersuchungen feststellbar sind, unverz\u00fcglich, sp\u00e4testens jedoch binnen einer Woche nach Erhalt der Ware schriftlich geltend zu machen. Bei berechtigten Beanstandungen wird die Yukatel GmbH Fehlmengen nachliefern und im \u00dcbrigen unter Vorbehalt des Ausschlusses nach ihrer Wahl die Ware umtauschen, sie zur\u00fccknehmen oder dem K\u00e4ufer einen Preisnachlass einr\u00e4umen. Ist im Falle des Umtausches der Ware auch die zweite Ersatzlieferung mangelhaft, so steht dem K\u00e4ufer das Recht auf Wandlung oder Minderung zu. Die Gew\u00e4hrleistung f\u00fcr M\u00e4ngel bei Ger\u00e4ten ist auf Nachbesserung beschr\u00e4nkt. Im Falle einer Wandlung erfolgt die R\u00fccknahme des Ger\u00e4tes mit Nutzwertausgleich, bzw. \u00fcber den vom Hersteller\/Markt vorgegebenen Zeitwert des Ger\u00e4tes. \u00dcbt der Kunde ein ihm gem\u00e4\u00df \u00a7 3 des Fernabsatzgesetzes zustehendes Widerrufsrecht aus, so hat er bei einer Bestellung bis zu einem Betrag von 40 Euro die Kosten der R\u00fccksendung zu tragen, es sei denn, dass die gelieferte Ware nicht der Bestellten entspricht. Software ist vom Umtausch ausgeschlossen!! Von der Yukatel GmbH gelieferte Ware wird nur nach vorheriger schriftlicher Zustimmung durch die Yukatel GmbH zur\u00fcckgenommen. Die Ware muss sich in einwandfreiem Zustand befinden, originalverpackt und vollst\u00e4ndig sein (komplette, unbesch\u00e4digte Originalverpackung, Zubeh\u00f6r, Bedienungsanleitung, vollst\u00e4ndiges Verpackungsmaterial usw.). Zur\u00fcckgenommene Ware wird abz\u00fcglich 10 % (mindestens 15,- Euro) f\u00fcr Bearbeitungs- und Lagerumschlagskosten gutgeschrieben. Sonderaktionen, Sonderbestellungen und Sonderanfertigungen sind grunds\u00e4tzlich von der M\u00f6glichkeit der R\u00fcckgabe ausgeschlossen.<\/p><p><strong>6.<\/strong><br \/>Der Kaufgegenstand bleibt bis zum Ausgleich der Yukatel GmbH aufgrund des Vertrages zustehenden Forderungen im Eigentum der Yukatel GmbH. Der Eigentumsvorbehalt bleibt auch bestehen f\u00fcr alle Forderungen, die die Yukatel GmbH gegen den K\u00e4ufer im Zusammenhang mit dem Kaufgegenstand, z. B. aufgrund von Reparaturen sowie sonstigen Leistungen, nachtr\u00e4glich erwirbt. W\u00e4hrend der Dauer des Eigentumsvorbehaltes ist der K\u00e4ufer zum Besitz und vertragsgem\u00e4\u00dfen Gebrauch des Kaufgegenstandes berechtigt, solange er seinen Verpflichtungen aus dem Eigentumsvorbehalt und seinen Verpflichtungen aus der Gesch\u00e4ftsverbindung fristgerecht nachkommt.<\/p><p><strong>7.<\/strong><br \/>Die bei Yukatel registrierten Nutzer, erhalten neben ihrer Kundennummer Login Daten, die es ihnen erm\u00f6glichen, online direkt bei Yukatel Bestellungen aufzugeben. Die Login Daten sind sorgf\u00e4ltig und unter Verschluss gegen\u00fcber dritten aufzubewahren f\u00fcr eventuell entstehende Sch\u00e4den, die aus der unbefugten Nutzung der Login Daten entstehen haftet der jeweilige Nutzer.<\/p><p><strong>8.<\/strong><\/p><p>Die Yukatel GmbH ist berechtigt, die im Rahmen der Gesch\u00e4ftsbeziehung erforderlichen personenbezogenen Daten des Kunden zu erheben, zu speichern und zu verarbeiten.<\/p><p><strong>9.<\/strong><\/p><p class=\"translation-block\">Die Unwirksamkeit einzelner Punkte dieser Allgemeinen Gesch\u00e4ftsbedingung ber\u00fchrt die Wirksamkeit der<br>\u00fcbrigen Bestimmungen nicht. An die Stelle der unwirksamen Bestimmung tritt eine neue Bestimmung, die in<br>ihrer wirtschaftlichen Auswirkung der unwirksamen Bestimmung m\u00f6glichst nahe kommt. Erf\u00fcllungsort f\u00fcr<br>Vertr\u00e4ge, die unter Einschluss dieser Allgemeinen Gesch\u00e4ftsbedingungen geschlossen wurden, ist Dreieich.<br>Sofern der Vertragspartner Kaufmann im Sinne des HGB ist, ist f\u00fcr alle Streitigkeiten, die zwischen der<br>Yukatel GmbH und dem Kunden aus oder im Zusammenhang mit diesem Vertrag entstehen, das Amtsgericht<br>Offenbach sowohl sachlich als auch \u00f6rtlich zust\u00e4ndig.<\/p><\/div><\/div>\t\t\t\t\t\t\t\t<\/div>\n\t\t\t\t\t<\/div>\n\t\t\t\t<\/div>\n\t\t\t\t<\/div>","protected":false},"excerpt":{"rendered":"<p>Allgemeine Gesch\u00e4fts&shy;bedingungen 1.\u00a0 Allen Lieferungen und Leistungen der Firma Yukatel GmbH liegen diese Gesch\u00e4ftsbedingungen zugrunde. Abweichende und\/oder erg\u00e4nzende Vereinbarungen bed\u00fcrfen der ausdr\u00fccklichen Zustimmung von der Yukatel GmbH, sowie der Schriftform; dies gilt auch f\u00fcr eine Abbedingung des Schriftformerfordernisses. 2. Die Yukatel GmbH wird nach M\u00f6glichkeit vereinbarte oder angegebene Lieferzeiten p\u00fcnktlich einhalten. Werden diese um mehr [&hellip;]<\/p>\n","protected":false},"author":2,"featured_media":0,"parent":0,"menu_order":0,"comment_status":"closed","ping_status":"closed","template":"elementor_header_footer","meta":{"_monsterinsights_skip_tracking":false,"_monsterinsights_sitenote_active":false,"_monsterinsights_sitenote_note":"","_monsterinsights_sitenote_category":0,"footnotes":""},"class_list":["post-16928","page","type-page","status-publish","hentry"],"_links":{"self":[{"href":"https:\/\/yukatel.de\/sv\/wp-json\/wp\/v2\/pages\/16928","targetHints":{"allow":["GET"]}}],"collection":[{"href":"https:\/\/yukatel.de\/sv\/wp-json\/wp\/v2\/pages"}],"about":[{"href":"https:\/\/yukatel.de\/sv\/wp-json\/wp\/v2\/types\/page"}],"author":[{"embeddable":true,"href":"https:\/\/yukatel.de\/sv\/wp-json\/wp\/v2\/users\/2"}],"replies":[{"embeddable":true,"href":"https:\/\/yukatel.de\/sv\/wp-json\/wp\/v2\/comments?post=16928"}],"version-history":[{"count":0,"href":"https:\/\/yukatel.de\/sv\/wp-json\/wp\/v2\/pages\/16928\/revisions"}],"wp:attachment":[{"href":"https:\/\/yukatel.de\/sv\/wp-json\/wp\/v2\/media?parent=16928"}],"curies":[{"name":"wp","href":"https:\/\/api.w.org\/{rel}","templated":true}]}}