{"id":15883,"date":"2025-09-09T11:03:35","date_gmt":"2025-09-09T09:03:35","guid":{"rendered":"https:\/\/yknew.yukatel.de\/?page_id=15883"},"modified":"2025-11-14T14:31:09","modified_gmt":"2025-11-14T13:31:09","slug":"haendler-werden","status":"publish","type":"page","link":"https:\/\/yukatel.de\/tr\/haendler-werden\/","title":{"rendered":"Bayi olun"},"content":{"rendered":"<div data-elementor-type=\"wp-page\" data-elementor-id=\"15883\" class=\"elementor elementor-15883\" data-elementor-post-type=\"page\">\n\t\t\t\t<div class=\"elementor-element elementor-element-5e44fc5 e-flex e-con-boxed e-con e-parent\" data-id=\"5e44fc5\" data-element_type=\"container\" data-e-type=\"container\">\n\t\t\t\t\t<div class=\"e-con-inner\">\n\t\t\t\t<div class=\"elementor-element elementor-element-2e36a8e elementor-widget elementor-widget-heading\" data-id=\"2e36a8e\" data-element_type=\"widget\" data-e-type=\"widget\" data-widget_type=\"heading.default\">\n\t\t\t\t\t<h2 class=\"elementor-heading-title elementor-size-default\">Bayi olun<\/h2>\t\t\t\t<\/div>\n\t\t<div class=\"elementor-element elementor-element-bd1d83e e-grid e-con-full e-con e-child\" data-id=\"bd1d83e\" data-element_type=\"container\" data-e-type=\"container\">\n\t\t<div class=\"elementor-element elementor-element-6721b40 e-con-full container-colored e-flex e-con e-child\" data-id=\"6721b40\" data-element_type=\"container\" data-e-type=\"container\" data-settings=\"{&quot;background_background&quot;:&quot;classic&quot;}\">\n\t\t\t\t<div class=\"elementor-element elementor-element-b31941b image-hover-up elementor-widget elementor-widget-image\" data-id=\"b31941b\" data-element_type=\"widget\" data-e-type=\"widget\" data-widget_type=\"image.default\">\n\t\t\t\t\t\t\t\t\t\t\t\t\t\t\t<img fetchpriority=\"high\" decoding=\"async\" width=\"318\" height=\"693\" src=\"https:\/\/yukatel.de\/wp-content\/uploads\/2025\/09\/bot-1.png\" class=\"attachment-large size-large wp-image-16078\" alt=\"\u00dczerinde soru i\u015fareti olan beyaz bir robot soru sorarcas\u0131na el hareketi yap\u0131yor.\" srcset=\"https:\/\/yukatel.de\/wp-content\/uploads\/2025\/09\/bot-1.png 318w, https:\/\/yukatel.de\/wp-content\/uploads\/2025\/09\/bot-1-138x300.png 138w\" sizes=\"(max-width: 318px) 100vw, 318px\" \/>\t\t\t\t\t\t\t\t\t\t\t\t\t\t\t<\/div>\n\t\t\t\t<div class=\"elementor-element elementor-element-4b43783 elementor-widget elementor-widget-heading\" data-id=\"4b43783\" data-element_type=\"widget\" data-e-type=\"widget\" data-widget_type=\"heading.default\">\n\t\t\t\t\t<h2 class=\"elementor-heading-title elementor-size-default\">Ad\u0131m 1<\/h2>\t\t\t\t<\/div>\n\t\t\t\t<div class=\"elementor-element elementor-element-beff598 elementor-widget elementor-widget-text-editor\" data-id=\"beff598\" data-element_type=\"widget\" data-e-type=\"widget\" data-widget_type=\"text-editor.default\">\n\t\t\t\t\t\t\t\t\t<p class=\"translation-block\">Schicken Sie eine Anfrage \u00fcber das <a href=\"https:\/\/yukatel.de\/tr\/haendler-werden\/\" target=\"_self\">Kontaktformular<\/a><\/p>\t\t\t\t\t\t\t\t<\/div>\n\t\t\t\t<\/div>\n\t\t<div class=\"elementor-element elementor-element-d121bbe e-con-full container-colored e-flex e-con e-child\" data-id=\"d121bbe\" data-element_type=\"container\" data-e-type=\"container\" data-settings=\"{&quot;background_background&quot;:&quot;classic&quot;}\">\n\t\t\t\t<div class=\"elementor-element elementor-element-c9eb3dc image-hover-up elementor-widget elementor-widget-image\" data-id=\"c9eb3dc\" data-element_type=\"widget\" data-e-type=\"widget\" data-widget_type=\"image.default\">\n\t\t\t\t\t\t\t\t\t\t\t\t\t\t\t<img decoding=\"async\" width=\"278\" height=\"574\" src=\"https:\/\/yukatel.de\/wp-content\/uploads\/2025\/09\/bot-2.png\" class=\"attachment-large size-large wp-image-16079\" alt=\"Ne\u015feli bir robot not defterine bir \u015feyler \u00e7iziyor ve renkli kulaklar\u0131yla oturuyor.\" srcset=\"https:\/\/yukatel.de\/wp-content\/uploads\/2025\/09\/bot-2.png 278w, https:\/\/yukatel.de\/wp-content\/uploads\/2025\/09\/bot-2-145x300.png 145w\" sizes=\"(max-width: 278px) 100vw, 278px\" \/>\t\t\t\t\t\t\t\t\t\t\t\t\t\t\t<\/div>\n\t\t\t\t<div class=\"elementor-element elementor-element-e8bd55a elementor-widget elementor-widget-heading\" data-id=\"e8bd55a\" data-element_type=\"widget\" data-e-type=\"widget\" data-widget_type=\"heading.default\">\n\t\t\t\t\t<h2 class=\"elementor-heading-title elementor-size-default\">Ad\u0131m 2<\/h2>\t\t\t\t<\/div>\n\t\t\t\t<div class=\"elementor-element elementor-element-3fbcc2f elementor-widget elementor-widget-text-editor\" data-id=\"3fbcc2f\" data-element_type=\"widget\" data-e-type=\"widget\" data-widget_type=\"text-editor.default\">\n\t\t\t\t\t\t\t\t\t<p>Belgelerinizi sizden istendi\u011finde g\u00f6nderin<\/p>\t\t\t\t\t\t\t\t<\/div>\n\t\t\t\t<\/div>\n\t\t<div class=\"elementor-element elementor-element-02b5805 e-con-full container-colored e-flex e-con e-child\" data-id=\"02b5805\" data-element_type=\"container\" data-e-type=\"container\" data-settings=\"{&quot;background_background&quot;:&quot;classic&quot;}\">\n\t\t\t\t<div class=\"elementor-element elementor-element-418cc82 image-hover-up elementor-widget elementor-widget-image\" data-id=\"418cc82\" data-element_type=\"widget\" data-e-type=\"widget\" data-widget_type=\"image.default\">\n\t\t\t\t\t\t\t\t\t\t\t\t\t\t\t<img decoding=\"async\" width=\"437\" height=\"598\" src=\"https:\/\/yukatel.de\/wp-content\/uploads\/2025\/09\/bot-3.png\" class=\"attachment-large size-large wp-image-16080\" alt=\"```plaintextAl\u0131\u015fveri\u015f arabal\u0131 robot, perakendede yapay zekay\u0131 simgeliyor. Al\u0131\u015fveri\u015fte gelece\u011fin teknolojisi.````\" srcset=\"https:\/\/yukatel.de\/wp-content\/uploads\/2025\/09\/bot-3.png 437w, https:\/\/yukatel.de\/wp-content\/uploads\/2025\/09\/bot-3-219x300.png 219w\" sizes=\"(max-width: 437px) 100vw, 437px\" \/>\t\t\t\t\t\t\t\t\t\t\t\t\t\t\t<\/div>\n\t\t\t\t<div class=\"elementor-element elementor-element-8fb192c elementor-widget elementor-widget-heading\" data-id=\"8fb192c\" data-element_type=\"widget\" data-e-type=\"widget\" data-widget_type=\"heading.default\">\n\t\t\t\t\t<h2 class=\"elementor-heading-title elementor-size-default\">Ad\u0131m 3<\/h2>\t\t\t\t<\/div>\n\t\t\t\t<div class=\"elementor-element elementor-element-1cf8147 elementor-widget elementor-widget-text-editor\" data-id=\"1cf8147\" data-element_type=\"widget\" data-e-type=\"widget\" data-widget_type=\"text-editor.default\">\n\t\t\t\t\t\t\t\t\t<p>Giri\u015f bilgilerinizi al\u0131n, B2B ma\u011fazas\u0131na kolayca giri\u015f yap\u0131n ve hemen kullanmaya ba\u015flay\u0131n!<\/p>\t\t\t\t\t\t\t\t<\/div>\n\t\t\t\t<\/div>\n\t\t\t\t<\/div>\n\t\t\t\t\t<\/div>\n\t\t\t\t<\/div>\n\t\t\t\t<\/div>","protected":false},"excerpt":{"rendered":"<p>H\u00e4ndler werden Schritt 1 Schicken Sie eine Anfrage \u00fcber das Kontaktformular Schritt 2 Reichen Sie Ihre Unterlagen ein, wenn Sie dazu aufgefordert werden Schritt 3 Sie erhalten Zugangsdaten &#8211; einfach im B2B Shop anmelden und loslegen!<\/p>","protected":false},"author":2,"featured_media":0,"parent":0,"menu_order":0,"comment_status":"closed","ping_status":"closed","template":"elementor_header_footer","meta":{"_monsterinsights_skip_tracking":false,"_monsterinsights_sitenote_active":false,"_monsterinsights_sitenote_note":"","_monsterinsights_sitenote_category":0,"footnotes":""},"class_list":["post-15883","page","type-page","status-publish","hentry"],"_links":{"self":[{"href":"https:\/\/yukatel.de\/tr\/wp-json\/wp\/v2\/pages\/15883","targetHints":{"allow":["GET"]}}],"collection":[{"href":"https:\/\/yukatel.de\/tr\/wp-json\/wp\/v2\/pages"}],"about":[{"href":"https:\/\/yukatel.de\/tr\/wp-json\/wp\/v2\/types\/page"}],"author":[{"embeddable":true,"href":"https:\/\/yukatel.de\/tr\/wp-json\/wp\/v2\/users\/2"}],"replies":[{"embeddable":true,"href":"https:\/\/yukatel.de\/tr\/wp-json\/wp\/v2\/comments?post=15883"}],"version-history":[{"count":33,"href":"https:\/\/yukatel.de\/tr\/wp-json\/wp\/v2\/pages\/15883\/revisions"}],"predecessor-version":[{"id":17689,"href":"https:\/\/yukatel.de\/tr\/wp-json\/wp\/v2\/pages\/15883\/revisions\/17689"}],"wp:attachment":[{"href":"https:\/\/yukatel.de\/tr\/wp-json\/wp\/v2\/media?parent=15883"}],"curies":[{"name":"wp","href":"https:\/\/api.w.org\/{rel}","templated":true}]}}