{"id":16932,"date":"2025-10-13T12:23:56","date_gmt":"2025-10-13T10:23:56","guid":{"rendered":"https:\/\/yknew.yukatel.de\/?page_id=16932"},"modified":"2025-10-13T12:37:38","modified_gmt":"2025-10-13T10:37:38","slug":"impressum","status":"publish","type":"page","link":"https:\/\/yukatel.de\/tr\/impressum\/","title":{"rendered":"K\u00fcnye"},"content":{"rendered":"<div data-elementor-type=\"wp-page\" data-elementor-id=\"16932\" class=\"elementor elementor-16932\" data-elementor-post-type=\"page\">\n\t\t\t\t<div class=\"elementor-element elementor-element-82325f1 e-flex e-con-boxed e-con e-parent\" data-id=\"82325f1\" data-element_type=\"container\" data-e-type=\"container\">\n\t\t\t\t\t<div class=\"e-con-inner\">\n\t\t\t\t<div class=\"elementor-element elementor-element-7c6f2c8 elementor-widget elementor-widget-heading\" data-id=\"7c6f2c8\" data-element_type=\"widget\" data-e-type=\"widget\" data-widget_type=\"heading.default\">\n\t\t\t\t\t<h2 class=\"elementor-heading-title elementor-size-default\">Yukatel GmbH<\/h2>\t\t\t\t<\/div>\n\t\t\t\t<div class=\"elementor-element elementor-element-97d7cd4 elementor-widget elementor-widget-heading\" data-id=\"97d7cd4\" data-element_type=\"widget\" data-e-type=\"widget\" data-widget_type=\"heading.default\">\n\t\t\t\t\t<h2 class=\"elementor-heading-title elementor-size-default\">K\u00fcnye<\/h2>\t\t\t\t<\/div>\n\t\t\t\t<div class=\"elementor-element elementor-element-681cc87 elementor-widget elementor-widget-text-editor\" data-id=\"681cc87\" data-element_type=\"widget\" data-e-type=\"widget\" data-widget_type=\"text-editor.default\">\n\t\t\t\t\t\t\t\t\t<div><p class=\"translation-block\"><strong>Yukatel GmbH<\/strong><br>Yuka-Platz 1<br>63303 Dreieich<\/p><p>Tel: +49 (0) 69 83 83 250 <br \/>Fax: +49 (0) 69 83 83 25 252\u00a0 \u00a0 \u00a0 \u00a0 \u00a0 \u00a0 \u00a0 \u00a0 \u00a0\u00a0<\/p><\/div><p><a title=\"\" href=\"mailto:info@yukatel.de\">info@yukatel.de<\/a><\/p><div><p>Gesch\u00e4ftsf\u00fchrung: Yusuf Karatas, Mehmet Karatas<\/p><p class=\"translation-block\">Registergericht: Amtsgericht Offenbach <br>Registernummer: HRB 12305<\/p><p>LUCID Nr.: \u00a0DE5566175156795<\/p><p>Umsatzsteuer-Identifikationsnummer gem\u00e4\u00df \u00a7 27 a Umsatzsteuergesetz:<br \/>UST-ID: DE 813392743<\/p><p>Wichtiger Hinweis zu allen Links auf dieser Homepage:<\/p><p>Mit Urteil vom 12. Mai 1998 \u2013 312 O 85\/98 \u2013 \u201eHaftung f\u00fcr Links\u201c hat das Landgericht in Hamburg entschieden, dass man durch die Anbringung eines Links, die Inhalte der gelinkten Seite ggf. mitzuverantworten hat. Dies kann, so das Landgericht \u2013 nur dadurch verhindert werden, indem man sich ausdr\u00fccklich von diesen Inhalten distanziert.<\/p><p>Disclaimer Information:<\/p><p>Die bereitgestellten Informationen auf dieser Website wurden sorgf\u00e4ltig gepr\u00fcft und werden regelm\u00e4\u00dfig aktualisiert. Jedoch kann keine Garantie daf\u00fcr \u00fcbernommen werden, dass alle Angaben zu jeder Zeit vollst\u00e4ndig, richtig und in letzter Aktualit\u00e4t dargestellt sind. Alle Angaben k\u00f6nnen ohne vorherige Ank\u00fcndigung ge\u00e4ndert, entfernt oder erg\u00e4nzt werden. Hiermit distanziert sich die YUKATEL GmbH mit seinen Marken routecontrol, M2M Unity und NEXTwawi ausdr\u00fccklich von allen Inhalten aller gelinkten Seiten im Online Angebot von Yukatel GmbH.<\/p><p>Quellenverweise einiger Bilder: Fotolia, Envato Elements und Photocase<\/p><\/div>\t\t\t\t\t\t\t\t<\/div>\n\t\t\t\t\t<\/div>\n\t\t\t\t<\/div>\n\t\t\t\t<\/div>","protected":false},"excerpt":{"rendered":"<p>Yukatel GmbH Impressum Yukatel GmbHYuka-Platz 163303 Dreieich Tel: +49 (0) 69 83 83 250 Fax: +49 (0) 69 83 83 25 252\u00a0 \u00a0 \u00a0 \u00a0 \u00a0 \u00a0 \u00a0 \u00a0 \u00a0\u00a0 info@yukatel.de Gesch\u00e4ftsf\u00fchrung: Yusuf Karatas, Mehmet Karatas Registergericht: Amtsgericht Offenbach Registernummer: HRB 12305 LUCID Nr.: \u00a0DE5566175156795 Umsatzsteuer-Identifikationsnummer gem\u00e4\u00df \u00a7 27 a Umsatzsteuergesetz:UST-ID: DE 813392743 Wichtiger Hinweis [&hellip;]<\/p>\n","protected":false},"author":2,"featured_media":0,"parent":0,"menu_order":0,"comment_status":"closed","ping_status":"closed","template":"elementor_header_footer","meta":{"_monsterinsights_skip_tracking":false,"_monsterinsights_sitenote_active":false,"_monsterinsights_sitenote_note":"","_monsterinsights_sitenote_category":0,"footnotes":""},"class_list":["post-16932","page","type-page","status-publish","hentry"],"_links":{"self":[{"href":"https:\/\/yukatel.de\/tr\/wp-json\/wp\/v2\/pages\/16932","targetHints":{"allow":["GET"]}}],"collection":[{"href":"https:\/\/yukatel.de\/tr\/wp-json\/wp\/v2\/pages"}],"about":[{"href":"https:\/\/yukatel.de\/tr\/wp-json\/wp\/v2\/types\/page"}],"author":[{"embeddable":true,"href":"https:\/\/yukatel.de\/tr\/wp-json\/wp\/v2\/users\/2"}],"replies":[{"embeddable":true,"href":"https:\/\/yukatel.de\/tr\/wp-json\/wp\/v2\/comments?post=16932"}],"version-history":[{"count":0,"href":"https:\/\/yukatel.de\/tr\/wp-json\/wp\/v2\/pages\/16932\/revisions"}],"wp:attachment":[{"href":"https:\/\/yukatel.de\/tr\/wp-json\/wp\/v2\/media?parent=16932"}],"curies":[{"name":"wp","href":"https:\/\/api.w.org\/{rel}","templated":true}]}}